{"id":307,"date":"2024-10-22T03:00:25","date_gmt":"2024-10-22T03:00:25","guid":{"rendered":"https:\/\/womit.com.co\/?page_id=307"},"modified":"2024-10-22T03:12:28","modified_gmt":"2024-10-22T03:12:28","slug":"politica-de-privacidad","status":"publish","type":"page","link":"https:\/\/womit.com.co\/index.php\/politica-de-privacidad\/","title":{"rendered":"Pol\u00edtica de privacidad"},"content":{"rendered":"\n<h3 class=\"wp-block-heading\">Pol\u00edtica de privacidad<\/h3>\n\n\n\n<p>\u00daltima actualizaci\u00f3n el 22 de octubre de 2024<br>Fecha de entrada en vigor el 21 de octubre de 2024<\/p>\n\n\n\n<p>Esta Pol\u00edtica de privacidad describe las pol\u00edticas de Womit Blog, San Andr\u00e9s Isla, San Andr\u00e9s 880001, Colombia, correo electr\u00f3nico: blog_womit@womit.com.co, tel\u00e9fono: 3156134438 sobre la recopilaci\u00f3n, el uso y la divulgaci\u00f3n de su informaci\u00f3n que recopilamos cuando utiliza nuestro sitio web (https:\/\/womit.com.co\/). (el &#8220;Servicio&#8221;). Al acceder o utilizar el Servicio, usted da su consentimiento para la recopilaci\u00f3n, el uso y la divulgaci\u00f3n de su informaci\u00f3n de acuerdo con esta Pol\u00edtica de privacidad. Si no da su consentimiento, no acceda ni utilice el Servicio.<br>Podemos modificar esta Pol\u00edtica de privacidad en cualquier momento sin previo aviso y publicaremos la Pol\u00edtica de privacidad revisada en el Servicio. La Pol\u00edtica revisada entrar\u00e1 en vigencia 180 d\u00edas despu\u00e9s de su publicaci\u00f3n en el Servicio y su acceso o uso continuo del Servicio despu\u00e9s de ese tiempo constituir\u00e1 su aceptaci\u00f3n de la Pol\u00edtica de Privacidad revisada. Por lo tanto, le recomendamos que revise peri\u00f3dicamente esta p\u00e1gina.<\/p>\n\n\n\n<h3 class=\"wp-block-heading\">Sus derechos<\/h3>\n\n\n\n<p>Dependiendo de la ley que se aplique, usted puede tener derecho a acceder y rectificar o borrar sus datos personales o recibir una copia de sus datos personales, restringir u oponerse al procesamiento activo de sus datos, solicitarnos que compartamos (portemos) su informaci\u00f3n personal a otra entidad, retirar cualquier consentimiento que nos haya proporcionado para procesar sus datos, derecho a presentar una queja ante una autoridad legal y otros derechos que puedan ser relevantes seg\u00fan las leyes aplicables. Para ejercer estos derechos, puede escribirnos a blog_womit@womit.com.co. Responderemos a su solicitud de conformidad con la ley aplicable.<br>Tenga en cuenta que si no nos permite recopilar o procesar la informaci\u00f3n personal requerida o retira el consentimiento para procesarla para los fines requeridos, es posible que no pueda acceder o utilizar los servicios para los que se solicit\u00f3 su informaci\u00f3n.<\/p>\n\n\n\n<h3 class=\"wp-block-heading\">Cookies, etc.<\/h3>\n\n\n\n<p>Para obtener m\u00e1s informaci\u00f3n sobre c\u00f3mo las utilizamos y sus opciones en relaci\u00f3n con estas tecnolog\u00edas de seguimiento, consulte nuestra Pol\u00edtica de cookies.<\/p>\n\n\n\n<h3 class=\"wp-block-heading\">Seguridad<\/h3>\n\n\n\n<p>La seguridad de su informaci\u00f3n es importante para nosotros y utilizaremos medidas de seguridad razonables para evitar la p\u00e9rdida, el uso indebido o la alteraci\u00f3n no autorizada de su informaci\u00f3n bajo nuestro control. Sin embargo, dados los riesgos inherentes, no podemos garantizar la seguridad absoluta y, en consecuencia, no podemos asegurar ni garantizar la seguridad de la informaci\u00f3n que nos transmita y lo hace bajo su propio riesgo.<\/p>\n\n\n\n<h3 class=\"wp-block-heading\">Enlaces de terceros y uso de su informaci\u00f3n<\/h3>\n\n\n\n<p>Nuestro Servicio puede contener enlaces a otros sitios web que no son operados por nosotros. Esta Pol\u00edtica de privacidad no aborda la pol\u00edtica de privacidad ni otras pr\u00e1cticas de terceros, incluido cualquier tercero que opere cualquier sitio web o servicio al que se pueda acceder a trav\u00e9s de un enlace en el Servicio. Le recomendamos encarecidamente que revise la pol\u00edtica de privacidad de cada sitio que visite. No tenemos control ni asumimos ninguna responsabilidad por el contenido, las pol\u00edticas de privacidad o las pr\u00e1cticas de los sitios o servicios de terceros.<\/p>\n\n\n\n<h3 class=\"wp-block-heading\">Responsable de Reclamos \/ Protecci\u00f3n de Datos:<\/h3>\n\n\n\n<p>Si tiene alguna consulta o inquietud sobre el procesamiento de su informaci\u00f3n que est\u00e1 disponible en nuestro sitio, puede enviar un correo electr\u00f3nico a nuestro Responsable de Reclamos en Womit Blog, San Andr\u00e9s Isla, correo electr\u00f3nico: blog_womit@womit.com.co. Atenderemos sus inquietudes de acuerdo con la ley aplicable.<\/p>\n","protected":false},"excerpt":{"rendered":"<p>Pol\u00edtica de privacidad \u00daltima actualizaci\u00f3n el 22 de octubre de 2024Fecha de entrada en vigor el 21 de octubre de 2024 Esta Pol\u00edtica de privacidad describe las pol\u00edticas de Womit Blog, San Andr\u00e9s Isla, San Andr\u00e9s 880001, Colombia, correo electr\u00f3nico: blog_womit@womit.com.co, tel\u00e9fono: 3156134438 sobre la recopilaci\u00f3n, el uso y la divulgaci\u00f3n de su informaci\u00f3n que [&hellip;]<\/p>\n","protected":false},"author":2,"featured_media":0,"parent":0,"menu_order":0,"comment_status":"closed","ping_status":"closed","template":"","meta":{"footnotes":""},"class_list":["post-307","page","type-page","status-publish","hentry"],"_links":{"self":[{"href":"https:\/\/womit.com.co\/index.php\/wp-json\/wp\/v2\/pages\/307","targetHints":{"allow":["GET"]}}],"collection":[{"href":"https:\/\/womit.com.co\/index.php\/wp-json\/wp\/v2\/pages"}],"about":[{"href":"https:\/\/womit.com.co\/index.php\/wp-json\/wp\/v2\/types\/page"}],"author":[{"embeddable":true,"href":"https:\/\/womit.com.co\/index.php\/wp-json\/wp\/v2\/users\/2"}],"replies":[{"embeddable":true,"href":"https:\/\/womit.com.co\/index.php\/wp-json\/wp\/v2\/comments?post=307"}],"version-history":[{"count":3,"href":"https:\/\/womit.com.co\/index.php\/wp-json\/wp\/v2\/pages\/307\/revisions"}],"predecessor-version":[{"id":313,"href":"https:\/\/womit.com.co\/index.php\/wp-json\/wp\/v2\/pages\/307\/revisions\/313"}],"wp:attachment":[{"href":"https:\/\/womit.com.co\/index.php\/wp-json\/wp\/v2\/media?parent=307"}],"curies":[{"name":"wp","href":"https:\/\/api.w.org\/{rel}","templated":true}]}}